{"id":1083,"date":"2024-04-04T17:58:48","date_gmt":"2024-04-04T17:58:48","guid":{"rendered":"https:\/\/wicolorectal.ca\/planifiez-une-consultation\/"},"modified":"2025-05-20T20:56:54","modified_gmt":"2025-05-20T20:56:54","slug":"planifiez-une-consultation","status":"publish","type":"page","link":"https:\/\/wicolorectal.ca\/fr\/planifiez-une-consultation\/","title":{"rendered":"Planifiez une consultation"},"content":{"rendered":"<section class=\"wpb-content-wrapper\"><p>[vc_row css_animation=\u00a0\u00bb\u00a0\u00bb row_type=\u00a0\u00bbrow\u00a0\u00bb use_row_as_full_screen_section=\u00a0\u00bbno\u00a0\u00bb type=\u00a0\u00bbgrid\u00a0\u00bb angled_section=\u00a0\u00bbno\u00a0\u00bb text_align=\u00a0\u00bbleft\u00a0\u00bb background_image_as_pattern=\u00a0\u00bbwithout_pattern\u00a0\u00bb z_index=\u00a0\u00bb\u00a0\u00bb el_id=\u00a0\u00bbapp\u00a0\u00bb][vc_column][vc_column_text]<\/p>\n<h2 style=\"text-align: center;\">Planifiez une consultation<\/h2>\n<p style=\"text-align: center;\">Veuillez remplir le formulaire ci-dessous. Suite \u00e0 cela, nous confirmerons rapidement la date et l&rsquo;heure de votre rendez-vous avec l&rsquo;un de nos chirurgiens colorectaux pour discuter de vos pr\u00e9occupations de sant\u00e9, de vos diagnostics et de votre strat\u00e9gie de traitement.<\/p>\n<p style=\"text-align: center;\"><strong>Veuillez noter que nous sommes une clinique enti\u00e8rement priv\u00e9e. Aucune r\u00e9f\u00e9rence n&rsquo;est requise.<\/strong><\/p>\n<p>[\/vc_column_text]\n<div class=\"wpcf7 no-js\" id=\"wpcf7-f1088-o1\" lang=\"fr-FR\" dir=\"ltr\">\n<div class=\"screen-reader-response\"><p role=\"status\" aria-live=\"polite\" aria-atomic=\"true\"><\/p> <ul><\/ul><\/div>\n<form action=\"\/fr\/wp-json\/wp\/v2\/pages\/1083#wpcf7-f1088-o1\" method=\"post\" class=\"wpcf7-form init default\" aria-label=\"Formulaire de contact\" enctype=\"multipart\/form-data\" novalidate=\"novalidate\" data-status=\"init\">\n<div style=\"display: none;\">\n<input type=\"hidden\" name=\"_wpcf7\" value=\"1088\" \/>\n<input type=\"hidden\" name=\"_wpcf7_version\" value=\"5.9.3\" \/>\n<input type=\"hidden\" name=\"_wpcf7_locale\" value=\"fr_FR\" \/>\n<input type=\"hidden\" name=\"_wpcf7_unit_tag\" value=\"wpcf7-f1088-o1\" \/>\n<input type=\"hidden\" name=\"_wpcf7_container_post\" value=\"0\" \/>\n<input type=\"hidden\" name=\"_wpcf7_posted_data_hash\" value=\"\" \/>\n<input type=\"hidden\" name=\"_wpcf7cf_hidden_group_fields\" value=\"[]\" \/>\n<input type=\"hidden\" name=\"_wpcf7cf_hidden_groups\" value=\"[]\" \/>\n<input type=\"hidden\" name=\"_wpcf7cf_visible_groups\" value=\"[]\" \/>\n<input type=\"hidden\" name=\"_wpcf7cf_repeaters\" value=\"[]\" \/>\n<input type=\"hidden\" name=\"_wpcf7cf_steps\" value=\"{}\" \/>\n<input type=\"hidden\" name=\"_wpcf7cf_options\" value=\"{&quot;form_id&quot;:1088,&quot;conditions&quot;:[{&quot;then_field&quot;:&quot;group-colon-history&quot;,&quot;and_rules&quot;:[{&quot;if_field&quot;:&quot;radio-colon-history&quot;,&quot;operator&quot;:&quot;equals&quot;,&quot;if_value&quot;:&quot;Oui&quot;}]},{&quot;then_field&quot;:&quot;group-examination&quot;,&quot;and_rules&quot;:[{&quot;if_field&quot;:&quot;radio-examination&quot;,&quot;operator&quot;:&quot;equals&quot;,&quot;if_value&quot;:&quot;Oui&quot;}]},{&quot;then_field&quot;:&quot;group-last-exam&quot;,&quot;and_rules&quot;:[{&quot;if_field&quot;:&quot;radio-examination&quot;,&quot;operator&quot;:&quot;equals&quot;,&quot;if_value&quot;:&quot;Oui&quot;}]},{&quot;then_field&quot;:&quot;group-thinner&quot;,&quot;and_rules&quot;:[{&quot;if_field&quot;:&quot;radio-thinner&quot;,&quot;operator&quot;:&quot;equals&quot;,&quot;if_value&quot;:&quot;Oui&quot;}]}],&quot;settings&quot;:{&quot;animation&quot;:&quot;yes&quot;,&quot;animation_intime&quot;:200,&quot;animation_outtime&quot;:200,&quot;conditions_ui&quot;:&quot;normal&quot;,&quot;notice_dismissed&quot;:false}}\" \/>\n<input type=\"hidden\" name=\"_wpcf7_recaptcha_response\" value=\"\" \/>\n<\/div>\n<h3>INFORMATIONS PERSONNELLES<\/h3>\n<div class=\"form-grid\">\n    <div class=\"form-row col-2\">\n        <label>Pr\u00e9nom\n<span class=\"wpcf7-form-control-wrap\" data-name=\"first_name\"><input size=\"40\" class=\"wpcf7-form-control wpcf7-text wpcf7-validates-as-required\" aria-required=\"true\" aria-invalid=\"false\" value=\"\" type=\"text\" name=\"first_name\" \/><\/span><\/label>\n        <label>Nom de famille\n<span class=\"wpcf7-form-control-wrap\" data-name=\"last_name\"><input size=\"40\" class=\"wpcf7-form-control wpcf7-text wpcf7-validates-as-required\" aria-required=\"true\" aria-invalid=\"false\" value=\"\" type=\"text\" name=\"last_name\" \/><\/span>\n<\/label>\n    <\/div>\n    <div class=\"form-row col-2\">\n        <label>T\u00e9l\u00e9phone\n<span class=\"wpcf7-form-control-wrap\" data-name=\"phone\"><input size=\"40\" class=\"wpcf7-form-control wpcf7-tel wpcf7-validates-as-required wpcf7-text wpcf7-validates-as-tel\" aria-required=\"true\" aria-invalid=\"false\" value=\"\" type=\"tel\" name=\"phone\" \/><\/span><\/label>\n        <label>Courriel\n<span class=\"wpcf7-form-control-wrap\" data-name=\"email-879\"><input size=\"40\" class=\"wpcf7-form-control wpcf7-email wpcf7-validates-as-required wpcf7-text wpcf7-validates-as-email\" aria-required=\"true\" aria-invalid=\"false\" value=\"\" type=\"email\" name=\"email-879\" \/><\/span>\n<\/label>\n    <\/div>\n  <div class=\"form-row col-2\">\n    <label>Date de naissance\n<span class=\"wpcf7-form-control-wrap\" data-name=\"date-766\"><input class=\"wpcf7-form-control wpcf7-date wpcf7-validates-as-required wpcf7-validates-as-date\" max=\"2026-04-23\" aria-required=\"true\" aria-invalid=\"false\" value=\"\" type=\"date\" name=\"date-766\" \/><\/span><\/label>\n    <\/div>\n    <div class=\"form-row\">\n       <label>Adresse r\u00e9sidentielle\n            <span class=\"wpcf7-form-control-wrap\" data-name=\"text-home\"><input size=\"40\" class=\"wpcf7-form-control wpcf7-text wpcf7-validates-as-required\" aria-required=\"true\" aria-invalid=\"false\" value=\"\" type=\"text\" name=\"text-home\" \/><\/span>\n        <\/label>\n    <\/div>\n<\/div>\n<h3>ANT\u00c9C\u00c9DENTS M\u00c9DICAUX<\/h3>\n<h4>Avez-vous des ant\u00e9c\u00e9dents familiaux de cancer du c\u00f4lon ou du rectum ?\n<em>(Seulement les membres de la famille imm\u00e9diate : m\u00e8re, p\u00e8re, fr\u00e8re, s\u0153ur)<\/em><\/h4>\n<span class=\"wpcf7-form-control-wrap\" data-name=\"radio-colon\"><span class=\"wpcf7-form-control wpcf7-radio\"><span class=\"wpcf7-list-item first\"><label><input type=\"radio\" name=\"radio-colon\" value=\"Oui\" \/><span class=\"wpcf7-list-item-label\">Oui<\/span><\/label><\/span><span class=\"wpcf7-list-item last\"><label><input type=\"radio\" name=\"radio-colon\" value=\"Non\" \/><span class=\"wpcf7-list-item-label\">Non<\/span><\/label><\/span><\/span><\/span>\n<h4>Avez-vous des ant\u00e9c\u00e9dents personnels de cancer du c\u00f4lon ou du rectum ?<\/h4>\n<span class=\"wpcf7-form-control-wrap\" data-name=\"radio-colon-history\"><span class=\"wpcf7-form-control wpcf7-radio\"><span class=\"wpcf7-list-item first\"><label><input type=\"radio\" name=\"radio-colon-history\" value=\"Oui\" \/><span class=\"wpcf7-list-item-label\">Oui<\/span><\/label><\/span><span class=\"wpcf7-list-item last\"><label><input type=\"radio\" name=\"radio-colon-history\" value=\"Non\" \/><span class=\"wpcf7-list-item-label\">Non<\/span><\/label><\/span><\/span><\/span>\n<div data-id=\"group-colon-history\" data-orig_data_id=\"group-colon-history\" data-clear_on_hide data-class=\"wpcf7cf_group\">\n<h5>Si oui, quand a-t-il \u00e9t\u00e9 d\u00e9couvert ?<\/h5>\n<span class=\"wpcf7-form-control-wrap\" data-name=\"text-colon-history\"><input size=\"40\" class=\"wpcf7-form-control wpcf7-text\" aria-invalid=\"false\" value=\"\" type=\"text\" name=\"text-colon-history\" \/><\/span>\n<\/div>\n<h4>Avez-vous des ant\u00e9c\u00e9dents de colite (Crohn, rectocolite h\u00e9morragique, etc.) ?<\/h4>\n<span class=\"wpcf7-form-control-wrap\" data-name=\"radio-colitis\"><span class=\"wpcf7-form-control wpcf7-radio\"><span class=\"wpcf7-list-item first\"><label><input type=\"radio\" name=\"radio-colitis\" value=\"Oui\" \/><span class=\"wpcf7-list-item-label\">Oui<\/span><\/label><\/span><span class=\"wpcf7-list-item last\"><label><input type=\"radio\" name=\"radio-colitis\" value=\"Non\" \/><span class=\"wpcf7-list-item-label\">Non<\/span><\/label><\/span><\/span><\/span>\n<h4>Avez-vous des ant\u00e9c\u00e9dents de diverticulose ou de diverticulite ?<\/h4>\n<span class=\"wpcf7-form-control-wrap\" data-name=\"radio-diverticulosis\"><span class=\"wpcf7-form-control wpcf7-radio\"><span class=\"wpcf7-list-item first\"><label><input type=\"radio\" name=\"radio-diverticulosis\" value=\"Oui\" \/><span class=\"wpcf7-list-item-label\">Oui<\/span><\/label><\/span><span class=\"wpcf7-list-item last\"><label><input type=\"radio\" name=\"radio-diverticulosis\" value=\"Non\" \/><span class=\"wpcf7-list-item-label\">Non<\/span><\/label><\/span><\/span><\/span>\n<h4>Avez-vous des ant\u00e9c\u00e9dents personnels de polypes du c\u00f4lon ou du rectum ?<\/h4>\n<span class=\"wpcf7-form-control-wrap\" data-name=\"radio-polyps\"><span class=\"wpcf7-form-control wpcf7-radio\"><span class=\"wpcf7-list-item first\"><label><input type=\"radio\" name=\"radio-polyps\" value=\"Oui\" \/><span class=\"wpcf7-list-item-label\">Oui<\/span><\/label><\/span><span class=\"wpcf7-list-item last\"><label><input type=\"radio\" name=\"radio-polyps\" value=\"Non\" \/><span class=\"wpcf7-list-item-label\">Non<\/span><\/label><\/span><\/span><\/span>\n<h4>Veuillez cocher si vous avez d\u00e9j\u00e0 eu :<\/h4>\n<span class=\"wpcf7-form-control-wrap\" data-name=\"checkbox-ever-had\"><span class=\"wpcf7-form-control wpcf7-checkbox\"><span class=\"wpcf7-list-item first\"><label><input type=\"checkbox\" name=\"checkbox-ever-had[]\" value=\"Cancer du sein\" \/><span class=\"wpcf7-list-item-label\">Cancer du sein<\/span><\/label><\/span><span class=\"wpcf7-list-item\"><label><input type=\"checkbox\" name=\"checkbox-ever-had[]\" value=\"Cancer de l&#039;ovaire\" \/><span class=\"wpcf7-list-item-label\">Cancer de l&#039;ovaire<\/span><\/label><\/span><span class=\"wpcf7-list-item\"><label><input type=\"checkbox\" name=\"checkbox-ever-had[]\" value=\"Cancer de l&#039;endom\u00e8tre (ut\u00e9rus)\" \/><span class=\"wpcf7-list-item-label\">Cancer de l&#039;endom\u00e8tre (ut\u00e9rus)<\/span><\/label><\/span><span class=\"wpcf7-list-item last\"><label><input type=\"checkbox\" name=\"checkbox-ever-had[]\" value=\"Cancer de la vessie ou des reins\" \/><span class=\"wpcf7-list-item-label\">Cancer de la vessie ou des reins<\/span><\/label><\/span><\/span><\/span>\n<h4>Avez-vous d\u00e9j\u00e0 pass\u00e9 un examen colorectal ?<\/h4>\n<span class=\"wpcf7-form-control-wrap\" data-name=\"radio-examination\"><span class=\"wpcf7-form-control wpcf7-radio\"><span class=\"wpcf7-list-item first\"><label><input type=\"radio\" name=\"radio-examination\" value=\"Oui\" \/><span class=\"wpcf7-list-item-label\">Oui<\/span><\/label><\/span><span class=\"wpcf7-list-item last\"><label><input type=\"radio\" name=\"radio-examination\" value=\"Non\" \/><span class=\"wpcf7-list-item-label\">Non<\/span><\/label><\/span><\/span><\/span>\n<div data-id=\"group-examination\" data-orig_data_id=\"group-examination\" data-clear_on_hide data-class=\"wpcf7cf_group\">\n<h5>Si oui, veuillez cocher le type d'examen :<\/h5>\n<span class=\"wpcf7-form-control-wrap\" data-name=\"checkbox-examination\"><span class=\"wpcf7-form-control wpcf7-checkbox\"><span class=\"wpcf7-list-item first\"><label><input type=\"checkbox\" name=\"checkbox-examination[]\" value=\"Examen digital par un m\u00e9decin\" \/><span class=\"wpcf7-list-item-label\">Examen digital par un m\u00e9decin<\/span><\/label><\/span><span class=\"wpcf7-list-item\"><label><input type=\"checkbox\" name=\"checkbox-examination[]\" value=\"Proctoscopie\" \/><span class=\"wpcf7-list-item-label\">Proctoscopie<\/span><\/label><\/span><span class=\"wpcf7-list-item\"><label><input type=\"checkbox\" name=\"checkbox-examination[]\" value=\"Sigmo\u00efdoscopie flexible (coloscopie courte)\" \/><span class=\"wpcf7-list-item-label\">Sigmo\u00efdoscopie flexible (coloscopie courte)<\/span><\/label><\/span><span class=\"wpcf7-list-item\"><label><input type=\"checkbox\" name=\"checkbox-examination[]\" value=\"Coloscopie\" \/><span class=\"wpcf7-list-item-label\">Coloscopie<\/span><\/label><\/span><span class=\"wpcf7-list-item\"><label><input type=\"checkbox\" name=\"checkbox-examination[]\" value=\"Lavement baryt\u00e9\" \/><span class=\"wpcf7-list-item-label\">Lavement baryt\u00e9<\/span><\/label><\/span><span class=\"wpcf7-list-item last\"><label><input type=\"checkbox\" name=\"checkbox-examination[]\" value=\"Colographie virtuelle\" \/><span class=\"wpcf7-list-item-label\">Colographie virtuelle<\/span><\/label><\/span><\/span><\/span>\n<div data-id=\"group-last-exam\" data-orig_data_id=\"group-last-exam\" data-clear_on_hide data-class=\"wpcf7cf_group\">\n<h5>Si oui, veuillez indiquer quand et o\u00f9 a eu lieu votre dernier examen :<\/h5>\n<span class=\"wpcf7-form-control-wrap\" data-name=\"text-last-exam\"><textarea cols=\"40\" rows=\"10\" class=\"wpcf7-form-control wpcf7-textarea\" aria-invalid=\"false\" name=\"text-last-exam\"><\/textarea><\/span>\n<\/div>\n<\/div>\n<h4>Avez-vous remarqu\u00e9 du sang :<\/h4>\n<span class=\"wpcf7-form-control-wrap\" data-name=\"checkbox-blood\"><span class=\"wpcf7-form-control wpcf7-checkbox wpcf7-validates-as-required\"><span class=\"wpcf7-list-item first\"><label><input type=\"checkbox\" name=\"checkbox-blood[]\" value=\"Dans ou sur vos selles\" \/><span class=\"wpcf7-list-item-label\">Dans ou sur vos selles<\/span><\/label><\/span><span class=\"wpcf7-list-item\"><label><input type=\"checkbox\" name=\"checkbox-blood[]\" value=\"Dans l&#039;eau des toilettes\" \/><span class=\"wpcf7-list-item-label\">Dans l&#039;eau des toilettes<\/span><\/label><\/span><span class=\"wpcf7-list-item\"><label><input type=\"checkbox\" name=\"checkbox-blood[]\" value=\"Sur le papier toilette apr\u00e8s vos selles\" \/><span class=\"wpcf7-list-item-label\">Sur le papier toilette apr\u00e8s vos selles<\/span><\/label><\/span><span class=\"wpcf7-list-item last\"><label><input type=\"checkbox\" name=\"checkbox-blood[]\" value=\"Non\" \/><span class=\"wpcf7-list-item-label\">Non<\/span><\/label><\/span><\/span><\/span>\n<h4>Avez-vous remarqu\u00e9 un changement r\u00e9cent dans vos habitudes intestinales ?<\/h4>\n<span class=\"wpcf7-form-control-wrap\" data-name=\"checkbox-bowel\"><span class=\"wpcf7-form-control wpcf7-checkbox wpcf7-validates-as-required\"><span class=\"wpcf7-list-item first\"><label><input type=\"checkbox\" name=\"checkbox-bowel[]\" value=\"Selles plus fines \/ plates (comme un crayon)\" \/><span class=\"wpcf7-list-item-label\">Selles plus fines \/ plates (comme un crayon)<\/span><\/label><\/span><span class=\"wpcf7-list-item\"><label><input type=\"checkbox\" name=\"checkbox-bowel[]\" value=\"Difficult\u00e9 croissante \u00e0 uriner \/ besoin accru de pousser\" \/><span class=\"wpcf7-list-item-label\">Difficult\u00e9 croissante \u00e0 uriner \/ besoin accru de pousser<\/span><\/label><\/span><span class=\"wpcf7-list-item\"><label><input type=\"checkbox\" name=\"checkbox-bowel[]\" value=\"Plus liquide \/ plus molles ou plus fr\u00e9quentes\" \/><span class=\"wpcf7-list-item-label\">Plus liquide \/ plus molles ou plus fr\u00e9quentes<\/span><\/label><\/span><span class=\"wpcf7-list-item last\"><label><input type=\"checkbox\" name=\"checkbox-bowel[]\" value=\"Non\" \/><span class=\"wpcf7-list-item-label\">Non<\/span><\/label><\/span><\/span><\/span>\n<h4>Prenez-vous des anticoagulants ?<\/h4>\n<span class=\"wpcf7-form-control-wrap\" data-name=\"radio-thinner\"><span class=\"wpcf7-form-control wpcf7-radio\"><span class=\"wpcf7-list-item first\"><label><input type=\"radio\" name=\"radio-thinner\" value=\"Oui\" \/><span class=\"wpcf7-list-item-label\">Oui<\/span><\/label><\/span><span class=\"wpcf7-list-item last\"><label><input type=\"radio\" name=\"radio-thinner\" value=\"Non\" \/><span class=\"wpcf7-list-item-label\">Non<\/span><\/label><\/span><\/span><\/span>\n<div data-id=\"group-thinner\" data-orig_data_id=\"group-thinner\" data-clear_on_hide data-class=\"wpcf7cf_group\">\n<h5>Si oui, veuillez indiquer ci-dessous le nom et la dose :<\/h5>\n<span class=\"wpcf7-form-control-wrap\" data-name=\"text-thinner\"><input size=\"40\" class=\"wpcf7-form-control wpcf7-text\" aria-invalid=\"false\" value=\"\" type=\"text\" name=\"text-thinner\" \/><\/span>\n<\/div>\n<h4>Utilisez-vous actuellement un fauteuil roulant pour vos d\u00e9placements ?<\/h4>\n<span class=\"wpcf7-form-control-wrap\" data-name=\"radio-wheel\"><span class=\"wpcf7-form-control wpcf7-radio\"><span class=\"wpcf7-list-item first\"><label><input type=\"radio\" name=\"radio-wheel\" value=\"Oui\" \/><span class=\"wpcf7-list-item-label\">Oui<\/span><\/label><\/span><span class=\"wpcf7-list-item last\"><label><input type=\"radio\" name=\"radio-wheel\" value=\"Non\" \/><span class=\"wpcf7-list-item-label\">Non<\/span><\/label><\/span><\/span><\/span>\n<h4>Veuillez joindre une r\u00e9f\u00e9rence de votre m\u00e9decin si vous en avez une :<\/h4>\n<span class=\"wpcf7-form-control-wrap\" data-name=\"file-103\"><input size=\"40\" class=\"wpcf7-form-control wpcf7-file\" accept=\".pdf,.txt,.doc,.docs,.pages,.rtf,.jpg,.jpeg,.tiff\" aria-invalid=\"false\" type=\"file\" name=\"file-103\" \/><\/span>\n<input class=\"wpcf7-form-control wpcf7-submit has-spinner\" type=\"submit\" value=\"Soumettre\" \/><p style=\"display: none !important;\" class=\"akismet-fields-container\" data-prefix=\"_wpcf7_ak_\"><label>&#916;<textarea name=\"_wpcf7_ak_hp_textarea\" cols=\"45\" rows=\"8\" maxlength=\"100\"><\/textarea><\/label><input type=\"hidden\" id=\"ak_js_1\" name=\"_wpcf7_ak_js\" value=\"247\"\/><script>document.getElementById( \"ak_js_1\" ).setAttribute( \"value\", ( new Date() ).getTime() );<\/script><\/p><div class=\"wpcf7-response-output\" aria-hidden=\"true\"><\/div>\n<\/form>\n<\/div>\n[\/vc_column][\/vc_row]<\/p>\n<\/section>","protected":false},"excerpt":{"rendered":"<p>[vc_row css_animation=\u00a0\u00bb\u00a0\u00bb row_type=\u00a0\u00bbrow\u00a0\u00bb use_row_as_full_screen_section=\u00a0\u00bbno\u00a0\u00bb type=\u00a0\u00bbgrid\u00a0\u00bb angled_section=\u00a0\u00bbno\u00a0\u00bb text_align=\u00a0\u00bbleft\u00a0\u00bb background_image_as_pattern=\u00a0\u00bbwithout_pattern\u00a0\u00bb z_index=\u00a0\u00bb\u00a0\u00bb el_id=\u00a0\u00bbapp\u00a0\u00bb][vc_column][vc_column_text] Planifiez une consultation Veuillez remplir le formulaire ci-dessous. Suite \u00e0 cela, nous confirmerons rapidement la date et l&rsquo;heure de votre rendez-vous avec l&rsquo;un de nos chirurgiens colorectaux pour discuter de vos pr\u00e9occupations de sant\u00e9, de&#8230;<\/p>\n","protected":false},"author":1,"featured_media":0,"parent":0,"menu_order":0,"comment_status":"closed","ping_status":"closed","template":"full_width.php","meta":{"footnotes":""},"class_list":["post-1083","page","type-page","status-publish","hentry"],"acf":[],"yoast_head":"<!-- This site is optimized with the Yoast SEO plugin v22.7 - https:\/\/yoast.com\/wordpress\/plugins\/seo\/ -->\n<title>Planifiez une consultation Montreal | Colorectal Fellowship Trained Surgeon<\/title>\n<meta name=\"description\" content=\"Planifiez une consultation | Treatments of anus, warts, hemorrhoids, rectal prolapse, anal illness and pain in the West Island of Montreal\" \/>\n<meta name=\"robots\" content=\"index, follow, max-snippet:-1, max-image-preview:large, max-video-preview:-1\" \/>\n<link rel=\"canonical\" href=\"https:\/\/wicolorectal.ca\/fr\/planifiez-une-consultation\/\" \/>\n<meta property=\"og:locale\" content=\"fr_FR\" \/>\n<meta property=\"og:type\" content=\"article\" \/>\n<meta property=\"og:title\" content=\"Planifiez une consultation Montreal | Colorectal Fellowship Trained Surgeon\" \/>\n<meta property=\"og:description\" content=\"Planifiez une consultation | Treatments of anus, warts, hemorrhoids, rectal prolapse, anal illness and pain in the West Island of Montreal\" \/>\n<meta property=\"og:url\" content=\"https:\/\/wicolorectal.ca\/fr\/planifiez-une-consultation\/\" \/>\n<meta property=\"og:site_name\" content=\"West Island Montreal Colorectal Clinic\" \/>\n<meta property=\"article:modified_time\" content=\"2025-05-20T20:56:54+00:00\" \/>\n<meta property=\"og:image\" content=\"https:\/\/wicolorectal.ca\/wp-content\/uploads\/2024\/05\/WIC_Final.jpg\" \/>\n\t<meta property=\"og:image:width\" content=\"1200\" \/>\n\t<meta property=\"og:image:height\" content=\"675\" \/>\n\t<meta property=\"og:image:type\" content=\"image\/jpeg\" \/>\n<meta name=\"twitter:card\" content=\"summary_large_image\" \/>\n<meta name=\"twitter:label1\" content=\"Dur\u00e9e de lecture estim\u00e9e\" \/>\n\t<meta name=\"twitter:data1\" content=\"1 minute\" \/>\n<script type=\"application\/ld+json\" class=\"yoast-schema-graph\">{\"@context\":\"https:\/\/schema.org\",\"@graph\":[{\"@type\":\"WebPage\",\"@id\":\"https:\/\/wicolorectal.ca\/fr\/planifiez-une-consultation\/\",\"url\":\"https:\/\/wicolorectal.ca\/fr\/planifiez-une-consultation\/\",\"name\":\"Planifiez une consultation Montreal | Colorectal Fellowship Trained Surgeon\",\"isPartOf\":{\"@id\":\"https:\/\/wicolorectal.ca\/fr\/#website\"},\"datePublished\":\"2024-04-04T17:58:48+00:00\",\"dateModified\":\"2025-05-20T20:56:54+00:00\",\"description\":\"Planifiez une consultation | Treatments of anus, warts, hemorrhoids, rectal prolapse, anal illness and pain in the West Island of Montreal\",\"breadcrumb\":{\"@id\":\"https:\/\/wicolorectal.ca\/fr\/planifiez-une-consultation\/#breadcrumb\"},\"inLanguage\":\"fr-FR\",\"potentialAction\":[{\"@type\":\"ReadAction\",\"target\":[\"https:\/\/wicolorectal.ca\/fr\/planifiez-une-consultation\/\"]}]},{\"@type\":\"BreadcrumbList\",\"@id\":\"https:\/\/wicolorectal.ca\/fr\/planifiez-une-consultation\/#breadcrumb\",\"itemListElement\":[{\"@type\":\"ListItem\",\"position\":1,\"name\":\"Home\",\"item\":\"https:\/\/wicolorectal.ca\/fr\/\"},{\"@type\":\"ListItem\",\"position\":2,\"name\":\"Planifiez une consultation\"}]},{\"@type\":\"WebSite\",\"@id\":\"https:\/\/wicolorectal.ca\/fr\/#website\",\"url\":\"https:\/\/wicolorectal.ca\/fr\/\",\"name\":\"West Island Montreal Colorectal Clinic\",\"description\":\"\",\"potentialAction\":[{\"@type\":\"SearchAction\",\"target\":{\"@type\":\"EntryPoint\",\"urlTemplate\":\"https:\/\/wicolorectal.ca\/fr\/?s={search_term_string}\"},\"query-input\":\"required name=search_term_string\"}],\"inLanguage\":\"fr-FR\"}]}<\/script>\n<!-- \/ Yoast SEO plugin. -->","yoast_head_json":{"title":"Planifiez une consultation Montreal | Colorectal Fellowship Trained Surgeon","description":"Planifiez une consultation | Treatments of anus, warts, hemorrhoids, rectal prolapse, anal illness and pain in the West Island of Montreal","robots":{"index":"index","follow":"follow","max-snippet":"max-snippet:-1","max-image-preview":"max-image-preview:large","max-video-preview":"max-video-preview:-1"},"canonical":"https:\/\/wicolorectal.ca\/fr\/planifiez-une-consultation\/","og_locale":"fr_FR","og_type":"article","og_title":"Planifiez une consultation Montreal | Colorectal Fellowship Trained Surgeon","og_description":"Planifiez une consultation | Treatments of anus, warts, hemorrhoids, rectal prolapse, anal illness and pain in the West Island of Montreal","og_url":"https:\/\/wicolorectal.ca\/fr\/planifiez-une-consultation\/","og_site_name":"West Island Montreal Colorectal Clinic","article_modified_time":"2025-05-20T20:56:54+00:00","og_image":[{"width":1200,"height":675,"url":"https:\/\/wicolorectal.ca\/wp-content\/uploads\/2024\/05\/WIC_Final.jpg","type":"image\/jpeg"}],"twitter_card":"summary_large_image","twitter_misc":{"Dur\u00e9e de lecture estim\u00e9e":"1 minute"},"schema":{"@context":"https:\/\/schema.org","@graph":[{"@type":"WebPage","@id":"https:\/\/wicolorectal.ca\/fr\/planifiez-une-consultation\/","url":"https:\/\/wicolorectal.ca\/fr\/planifiez-une-consultation\/","name":"Planifiez une consultation Montreal | Colorectal Fellowship Trained Surgeon","isPartOf":{"@id":"https:\/\/wicolorectal.ca\/fr\/#website"},"datePublished":"2024-04-04T17:58:48+00:00","dateModified":"2025-05-20T20:56:54+00:00","description":"Planifiez une consultation | Treatments of anus, warts, hemorrhoids, rectal prolapse, anal illness and pain in the West Island of Montreal","breadcrumb":{"@id":"https:\/\/wicolorectal.ca\/fr\/planifiez-une-consultation\/#breadcrumb"},"inLanguage":"fr-FR","potentialAction":[{"@type":"ReadAction","target":["https:\/\/wicolorectal.ca\/fr\/planifiez-une-consultation\/"]}]},{"@type":"BreadcrumbList","@id":"https:\/\/wicolorectal.ca\/fr\/planifiez-une-consultation\/#breadcrumb","itemListElement":[{"@type":"ListItem","position":1,"name":"Home","item":"https:\/\/wicolorectal.ca\/fr\/"},{"@type":"ListItem","position":2,"name":"Planifiez une consultation"}]},{"@type":"WebSite","@id":"https:\/\/wicolorectal.ca\/fr\/#website","url":"https:\/\/wicolorectal.ca\/fr\/","name":"West Island Montreal Colorectal Clinic","description":"","potentialAction":[{"@type":"SearchAction","target":{"@type":"EntryPoint","urlTemplate":"https:\/\/wicolorectal.ca\/fr\/?s={search_term_string}"},"query-input":"required name=search_term_string"}],"inLanguage":"fr-FR"}]}},"_links":{"self":[{"href":"https:\/\/wicolorectal.ca\/fr\/wp-json\/wp\/v2\/pages\/1083","targetHints":{"allow":["GET"]}}],"collection":[{"href":"https:\/\/wicolorectal.ca\/fr\/wp-json\/wp\/v2\/pages"}],"about":[{"href":"https:\/\/wicolorectal.ca\/fr\/wp-json\/wp\/v2\/types\/page"}],"author":[{"embeddable":true,"href":"https:\/\/wicolorectal.ca\/fr\/wp-json\/wp\/v2\/users\/1"}],"replies":[{"embeddable":true,"href":"https:\/\/wicolorectal.ca\/fr\/wp-json\/wp\/v2\/comments?post=1083"}],"version-history":[{"count":4,"href":"https:\/\/wicolorectal.ca\/fr\/wp-json\/wp\/v2\/pages\/1083\/revisions"}],"predecessor-version":[{"id":1178,"href":"https:\/\/wicolorectal.ca\/fr\/wp-json\/wp\/v2\/pages\/1083\/revisions\/1178"}],"wp:attachment":[{"href":"https:\/\/wicolorectal.ca\/fr\/wp-json\/wp\/v2\/media?parent=1083"}],"curies":[{"name":"wp","href":"https:\/\/api.w.org\/{rel}","templated":true}]}}