{"id":1080,"date":"2024-04-08T17:52:43","date_gmt":"2024-04-08T17:52:43","guid":{"rendered":"https:\/\/wicolorectal.ca\/contact\/"},"modified":"2025-05-20T20:41:46","modified_gmt":"2025-05-20T20:41:46","slug":"contact","status":"publish","type":"page","link":"https:\/\/wicolorectal.ca\/fr\/contact\/","title":{"rendered":"Contact"},"content":{"rendered":"<section class=\"wpb-content-wrapper\"><p>[vc_row css_animation=\u00a0\u00bb\u00a0\u00bb row_type=\u00a0\u00bbrow\u00a0\u00bb use_row_as_full_screen_section=\u00a0\u00bbno\u00a0\u00bb type=\u00a0\u00bbgrid\u00a0\u00bb angled_section=\u00a0\u00bbno\u00a0\u00bb text_align=\u00a0\u00bbleft\u00a0\u00bb background_image_as_pattern=\u00a0\u00bbwithout_pattern\u00a0\u00bb z_index=\u00a0\u00bb\u00a0\u00bb el_id=\u00a0\u00bbcnt\u00a0\u00bb][vc_column width=\u00a0\u00bb1\/2&Prime;][vc_column_text]<\/p>\n<h3>Clinique Colorectal de l\u2019Ouest-de-l\u2019\u00cele<\/h3>\n<p>[\/vc_column_text]<div class='q_icon_with_title tiny normal_icon '><div class=\"icon_holder \" style=\" \"><span data-icon-type=\"normal\"   style=\"\" class=\"qode_iwt_icon_holder q_font_awsome_icon fa-lg  \"><i class=\"qodef-icon-linea-icon icon-basic-geolocalize-01 qode_iwt_icon_element\" style=\"\" ><\/i><\/span><\/div><div class=\"icon_text_holder\" style=\"\"><div class=\"icon_text_inner\" style=\"\"><h5 class=\"icon_title\" style=\"\"><\/h5><p style=''>175 Av Stillview Pointe-Claire,<br \/>\nQC H9R 4S3<\/p><\/div><\/div><\/div>[vc_column_text el_class=\u00a0\u00bbsmally\u00a0\u00bb]<em>Notre bureau est situ\u00e9 dans le SouthWest One Medical Building, Suite 200.<\/em>[\/vc_column_text][vc_column_text el_class=\u00a0\u00bbfax\u00a0\u00bb]<strong>Clinique de soins priv\u00e9s :<\/strong>[\/vc_column_text]<div class='q_icon_with_title tiny normal_icon '><div class=\"icon_holder \" style=\" \"><span data-icon-type=\"normal\"   style=\"\" class=\"qode_iwt_icon_holder q_font_awsome_icon fa-lg  \"><i class=\"qode_icon_font_awesome fa fa-phone qode_iwt_icon_element\" style=\"\" ><\/i><\/span><\/div><div class=\"icon_text_holder\" style=\"\"><div class=\"icon_text_inner\" style=\"\"><h5 class=\"icon_title\" style=\"\"><\/h5><p style=''><\/p><a itemprop='url' class='icon_with_title_link' href='tel:5146944848' target='_self' style=''>(514) 694-4848<\/a><\/div><\/div><\/div>[vc_column_text el_class=\u00a0\u00bbfax\u00a0\u00bb]<em>Fax: (514) 694-8585<\/em>[\/vc_column_text][vc_empty_space height=\u00a0\u00bb15px\u00a0\u00bb][vc_column_text el_class=\u00a0\u00bbhours\u00a0\u00bb]<\/p>\n<h4>Heures d&rsquo;ouverture :<\/h4>\n<p>Lundi \u2013 Vendredi : <em>08h00 \u2013 16h00<\/em><br \/>\nSamedi \u2013 Dimanche : <em>Ferm\u00e9<\/em>[\/vc_column_text][\/vc_column][vc_column width=\u00a0\u00bb1\/2&Prime;][vc_column_text]<\/p>\n<h3>Contactez-nous<\/h3>\n<p>Vous avez des questions concernant la sant\u00e9 du c\u00f4lon et du rectum ou d&rsquo;autres pr\u00e9occupations connexes ? Contactez-nous d\u00e8s aujourd&rsquo;hui, et un membre de notre \u00e9quipe r\u00e9pondra rapidement \u00e0 vos questions.<\/p>\n<p>Veuillez noter que pour prendre un rendez-vous avec l&rsquo;un de nos chirurgiens, veuillez remplir notre <a href=\"https:\/\/wicolorectal.ca\/fr\/planifiez-une-consultation\/\">formulaire de prise de rendez-vous pour consultation<\/a>.[\/vc_column_text]\n<div class=\"wpcf7 no-js\" id=\"wpcf7-f1087-o1\" lang=\"fr-FR\" dir=\"ltr\">\n<div class=\"screen-reader-response\"><p role=\"status\" aria-live=\"polite\" aria-atomic=\"true\"><\/p> <ul><\/ul><\/div>\n<form action=\"\/fr\/wp-json\/wp\/v2\/pages\/1080#wpcf7-f1087-o1\" method=\"post\" class=\"wpcf7-form init default\" aria-label=\"Formulaire de contact\" novalidate=\"novalidate\" data-status=\"init\">\n<div style=\"display: none;\">\n<input type=\"hidden\" name=\"_wpcf7\" value=\"1087\" \/>\n<input type=\"hidden\" name=\"_wpcf7_version\" value=\"5.9.3\" \/>\n<input type=\"hidden\" name=\"_wpcf7_locale\" value=\"fr_FR\" \/>\n<input type=\"hidden\" name=\"_wpcf7_unit_tag\" value=\"wpcf7-f1087-o1\" \/>\n<input type=\"hidden\" name=\"_wpcf7_container_post\" value=\"0\" \/>\n<input type=\"hidden\" name=\"_wpcf7_posted_data_hash\" value=\"\" \/>\n<input type=\"hidden\" name=\"_wpcf7cf_hidden_group_fields\" value=\"[]\" \/>\n<input type=\"hidden\" name=\"_wpcf7cf_hidden_groups\" value=\"[]\" \/>\n<input type=\"hidden\" name=\"_wpcf7cf_visible_groups\" value=\"[]\" \/>\n<input type=\"hidden\" name=\"_wpcf7cf_repeaters\" value=\"[]\" \/>\n<input type=\"hidden\" name=\"_wpcf7cf_steps\" value=\"{}\" \/>\n<input type=\"hidden\" name=\"_wpcf7cf_options\" value=\"{&quot;form_id&quot;:1087,&quot;conditions&quot;:[],&quot;settings&quot;:{&quot;animation&quot;:&quot;yes&quot;,&quot;animation_intime&quot;:200,&quot;animation_outtime&quot;:200,&quot;conditions_ui&quot;:&quot;normal&quot;,&quot;notice_dismissed&quot;:false}}\" \/>\n<input type=\"hidden\" name=\"_wpcf7_recaptcha_response\" value=\"\" \/>\n<\/div>\n<span class=\"wpcf7-form-control-wrap\" data-name=\"text-name\"><input size=\"40\" class=\"wpcf7-form-control wpcf7-text wpcf7-validates-as-required\" aria-required=\"true\" aria-invalid=\"false\" placeholder=\"Nom\" value=\"\" type=\"text\" name=\"text-name\" \/><\/span>\n<span class=\"wpcf7-form-control-wrap\" data-name=\"tel-302\"><input size=\"40\" class=\"wpcf7-form-control wpcf7-tel wpcf7-validates-as-required wpcf7-text wpcf7-validates-as-tel\" aria-required=\"true\" aria-invalid=\"false\" placeholder=\"T\u00e9l\u00e9phone\" value=\"\" type=\"tel\" name=\"tel-302\" \/><\/span>\n<span class=\"wpcf7-form-control-wrap\" data-name=\"email-675\"><input size=\"40\" class=\"wpcf7-form-control wpcf7-email wpcf7-validates-as-required wpcf7-text wpcf7-validates-as-email\" aria-required=\"true\" aria-invalid=\"false\" placeholder=\"Courriel\" value=\"\" type=\"email\" name=\"email-675\" \/><\/span>\n<span class=\"wpcf7-form-control-wrap\" data-name=\"textarea-161\"><textarea cols=\"40\" rows=\"10\" class=\"wpcf7-form-control wpcf7-textarea wpcf7-validates-as-required\" aria-required=\"true\" aria-invalid=\"false\" placeholder=\"Votre question\" name=\"textarea-161\"><\/textarea><\/span>\n<input class=\"wpcf7-form-control wpcf7-submit has-spinner\" type=\"submit\" value=\"Soumettre\" \/><p style=\"display: none !important;\" class=\"akismet-fields-container\" data-prefix=\"_wpcf7_ak_\"><label>&#916;<textarea name=\"_wpcf7_ak_hp_textarea\" cols=\"45\" rows=\"8\" maxlength=\"100\"><\/textarea><\/label><input type=\"hidden\" id=\"ak_js_1\" name=\"_wpcf7_ak_js\" value=\"115\"\/><script>document.getElementById( \"ak_js_1\" ).setAttribute( \"value\", ( new Date() ).getTime() );<\/script><\/p><div class=\"wpcf7-response-output\" aria-hidden=\"true\"><\/div>\n<\/form>\n<\/div>\n[\/vc_column][\/vc_row]<\/p>\n<\/section>","protected":false},"excerpt":{"rendered":"<p>[vc_row css_animation=\u00a0\u00bb\u00a0\u00bb row_type=\u00a0\u00bbrow\u00a0\u00bb use_row_as_full_screen_section=\u00a0\u00bbno\u00a0\u00bb type=\u00a0\u00bbgrid\u00a0\u00bb angled_section=\u00a0\u00bbno\u00a0\u00bb text_align=\u00a0\u00bbleft\u00a0\u00bb background_image_as_pattern=\u00a0\u00bbwithout_pattern\u00a0\u00bb z_index=\u00a0\u00bb\u00a0\u00bb el_id=\u00a0\u00bbcnt\u00a0\u00bb][vc_column width=\u00a0\u00bb1\/2&Prime;][vc_column_text] Clinique Colorectal de l\u2019Ouest-de-l\u2019\u00cele [\/vc_column_text][vc_column_text el_class=\u00a0\u00bbsmally\u00a0\u00bb]Notre bureau est situ\u00e9 dans le SouthWest One Medical Building, Suite 200.[\/vc_column_text][vc_column_text el_class=\u00a0\u00bbfax\u00a0\u00bb]Clinique de soins priv\u00e9s :[\/vc_column_text][vc_column_text el_class=\u00a0\u00bbfax\u00a0\u00bb]Fax: (514) 694-8585[\/vc_column_text][vc_empty_space height=\u00a0\u00bb15px\u00a0\u00bb][vc_column_text el_class=\u00a0\u00bbhours\u00a0\u00bb] Heures d&rsquo;ouverture : Lundi \u2013 Vendredi :&#8230;<\/p>\n","protected":false},"author":1,"featured_media":0,"parent":0,"menu_order":0,"comment_status":"closed","ping_status":"closed","template":"full_width.php","meta":{"footnotes":""},"class_list":["post-1080","page","type-page","status-publish","hentry"],"acf":[],"yoast_head":"<!-- This site is optimized with the Yoast SEO plugin v22.7 - https:\/\/yoast.com\/wordpress\/plugins\/seo\/ -->\n<title>Contact Montreal | Colorectal Fellowship Trained Surgeon<\/title>\n<meta name=\"description\" content=\"Contact | Treatments of anus, warts, hemorrhoids, rectal prolapse, anal illness and pain in the West Island of Montreal\" \/>\n<meta name=\"robots\" content=\"index, follow, max-snippet:-1, max-image-preview:large, max-video-preview:-1\" \/>\n<link rel=\"canonical\" href=\"https:\/\/wicolorectal.ca\/fr\/contact\/\" \/>\n<meta property=\"og:locale\" content=\"fr_FR\" \/>\n<meta property=\"og:type\" content=\"article\" \/>\n<meta property=\"og:title\" content=\"Contact Montreal | Colorectal Fellowship Trained Surgeon\" \/>\n<meta property=\"og:description\" content=\"Contact | Treatments of anus, warts, hemorrhoids, rectal prolapse, anal illness and pain in the West Island of Montreal\" \/>\n<meta property=\"og:url\" content=\"https:\/\/wicolorectal.ca\/fr\/contact\/\" \/>\n<meta property=\"og:site_name\" content=\"West Island Montreal Colorectal Clinic\" \/>\n<meta property=\"article:modified_time\" content=\"2025-05-20T20:41:46+00:00\" \/>\n<meta property=\"og:image\" content=\"https:\/\/wicolorectal.ca\/wp-content\/uploads\/2024\/05\/WIC_Final.jpg\" \/>\n\t<meta property=\"og:image:width\" content=\"1200\" \/>\n\t<meta property=\"og:image:height\" content=\"675\" \/>\n\t<meta property=\"og:image:type\" content=\"image\/jpeg\" \/>\n<meta name=\"twitter:card\" content=\"summary_large_image\" \/>\n<meta name=\"twitter:label1\" content=\"Dur\u00e9e de lecture estim\u00e9e\" \/>\n\t<meta name=\"twitter:data1\" content=\"1 minute\" \/>\n<script type=\"application\/ld+json\" class=\"yoast-schema-graph\">{\"@context\":\"https:\/\/schema.org\",\"@graph\":[{\"@type\":\"WebPage\",\"@id\":\"https:\/\/wicolorectal.ca\/fr\/contact\/\",\"url\":\"https:\/\/wicolorectal.ca\/fr\/contact\/\",\"name\":\"Contact Montreal | Colorectal Fellowship Trained Surgeon\",\"isPartOf\":{\"@id\":\"https:\/\/wicolorectal.ca\/fr\/#website\"},\"datePublished\":\"2024-04-08T17:52:43+00:00\",\"dateModified\":\"2025-05-20T20:41:46+00:00\",\"description\":\"Contact | Treatments of anus, warts, hemorrhoids, rectal prolapse, anal illness and pain in the West Island of Montreal\",\"breadcrumb\":{\"@id\":\"https:\/\/wicolorectal.ca\/fr\/contact\/#breadcrumb\"},\"inLanguage\":\"fr-FR\",\"potentialAction\":[{\"@type\":\"ReadAction\",\"target\":[\"https:\/\/wicolorectal.ca\/fr\/contact\/\"]}]},{\"@type\":\"BreadcrumbList\",\"@id\":\"https:\/\/wicolorectal.ca\/fr\/contact\/#breadcrumb\",\"itemListElement\":[{\"@type\":\"ListItem\",\"position\":1,\"name\":\"Home\",\"item\":\"https:\/\/wicolorectal.ca\/fr\/\"},{\"@type\":\"ListItem\",\"position\":2,\"name\":\"Contact\"}]},{\"@type\":\"WebSite\",\"@id\":\"https:\/\/wicolorectal.ca\/fr\/#website\",\"url\":\"https:\/\/wicolorectal.ca\/fr\/\",\"name\":\"West Island Montreal Colorectal Clinic\",\"description\":\"\",\"potentialAction\":[{\"@type\":\"SearchAction\",\"target\":{\"@type\":\"EntryPoint\",\"urlTemplate\":\"https:\/\/wicolorectal.ca\/fr\/?s={search_term_string}\"},\"query-input\":\"required name=search_term_string\"}],\"inLanguage\":\"fr-FR\"}]}<\/script>\n<!-- \/ Yoast SEO plugin. -->","yoast_head_json":{"title":"Contact Montreal | Colorectal Fellowship Trained Surgeon","description":"Contact | Treatments of anus, warts, hemorrhoids, rectal prolapse, anal illness and pain in the West Island of Montreal","robots":{"index":"index","follow":"follow","max-snippet":"max-snippet:-1","max-image-preview":"max-image-preview:large","max-video-preview":"max-video-preview:-1"},"canonical":"https:\/\/wicolorectal.ca\/fr\/contact\/","og_locale":"fr_FR","og_type":"article","og_title":"Contact Montreal | Colorectal Fellowship Trained Surgeon","og_description":"Contact | Treatments of anus, warts, hemorrhoids, rectal prolapse, anal illness and pain in the West Island of Montreal","og_url":"https:\/\/wicolorectal.ca\/fr\/contact\/","og_site_name":"West Island Montreal Colorectal Clinic","article_modified_time":"2025-05-20T20:41:46+00:00","og_image":[{"width":1200,"height":675,"url":"https:\/\/wicolorectal.ca\/wp-content\/uploads\/2024\/05\/WIC_Final.jpg","type":"image\/jpeg"}],"twitter_card":"summary_large_image","twitter_misc":{"Dur\u00e9e de lecture estim\u00e9e":"1 minute"},"schema":{"@context":"https:\/\/schema.org","@graph":[{"@type":"WebPage","@id":"https:\/\/wicolorectal.ca\/fr\/contact\/","url":"https:\/\/wicolorectal.ca\/fr\/contact\/","name":"Contact Montreal | Colorectal Fellowship Trained Surgeon","isPartOf":{"@id":"https:\/\/wicolorectal.ca\/fr\/#website"},"datePublished":"2024-04-08T17:52:43+00:00","dateModified":"2025-05-20T20:41:46+00:00","description":"Contact | Treatments of anus, warts, hemorrhoids, rectal prolapse, anal illness and pain in the West Island of Montreal","breadcrumb":{"@id":"https:\/\/wicolorectal.ca\/fr\/contact\/#breadcrumb"},"inLanguage":"fr-FR","potentialAction":[{"@type":"ReadAction","target":["https:\/\/wicolorectal.ca\/fr\/contact\/"]}]},{"@type":"BreadcrumbList","@id":"https:\/\/wicolorectal.ca\/fr\/contact\/#breadcrumb","itemListElement":[{"@type":"ListItem","position":1,"name":"Home","item":"https:\/\/wicolorectal.ca\/fr\/"},{"@type":"ListItem","position":2,"name":"Contact"}]},{"@type":"WebSite","@id":"https:\/\/wicolorectal.ca\/fr\/#website","url":"https:\/\/wicolorectal.ca\/fr\/","name":"West Island Montreal Colorectal Clinic","description":"","potentialAction":[{"@type":"SearchAction","target":{"@type":"EntryPoint","urlTemplate":"https:\/\/wicolorectal.ca\/fr\/?s={search_term_string}"},"query-input":"required name=search_term_string"}],"inLanguage":"fr-FR"}]}},"_links":{"self":[{"href":"https:\/\/wicolorectal.ca\/fr\/wp-json\/wp\/v2\/pages\/1080","targetHints":{"allow":["GET"]}}],"collection":[{"href":"https:\/\/wicolorectal.ca\/fr\/wp-json\/wp\/v2\/pages"}],"about":[{"href":"https:\/\/wicolorectal.ca\/fr\/wp-json\/wp\/v2\/types\/page"}],"author":[{"embeddable":true,"href":"https:\/\/wicolorectal.ca\/fr\/wp-json\/wp\/v2\/users\/1"}],"replies":[{"embeddable":true,"href":"https:\/\/wicolorectal.ca\/fr\/wp-json\/wp\/v2\/comments?post=1080"}],"version-history":[{"count":4,"href":"https:\/\/wicolorectal.ca\/fr\/wp-json\/wp\/v2\/pages\/1080\/revisions"}],"predecessor-version":[{"id":1172,"href":"https:\/\/wicolorectal.ca\/fr\/wp-json\/wp\/v2\/pages\/1080\/revisions\/1172"}],"wp:attachment":[{"href":"https:\/\/wicolorectal.ca\/fr\/wp-json\/wp\/v2\/media?parent=1080"}],"curies":[{"name":"wp","href":"https:\/\/api.w.org\/{rel}","templated":true}]}}