{"id":1062,"date":"2024-05-10T17:31:24","date_gmt":"2024-05-10T17:31:24","guid":{"rendered":"https:\/\/wicolorectal.ca\/instructions-pour-la-preparation-avec-les-lavements-fleet\/"},"modified":"2025-05-19T17:44:12","modified_gmt":"2025-05-19T17:44:12","slug":"instructions-pour-la-preparation-avec-les-lavements-fleet","status":"publish","type":"page","link":"https:\/\/wicolorectal.ca\/fr\/instructions-pour-la-preparation-avec-les-lavements-fleet\/","title":{"rendered":"Instructions pour la pr\u00e9paration avec les lavements Fleet"},"content":{"rendered":"<section class=\"wpb-content-wrapper\"><p>[vc_row css_animation=\u00a0\u00bb\u00a0\u00bb row_type=\u00a0\u00bbrow\u00a0\u00bb use_row_as_full_screen_section=\u00a0\u00bbno\u00a0\u00bb type=\u00a0\u00bbgrid\u00a0\u00bb angled_section=\u00a0\u00bbno\u00a0\u00bb text_align=\u00a0\u00bbleft\u00a0\u00bb background_image_as_pattern=\u00a0\u00bbwithout_pattern\u00a0\u00bb z_index=\u00a0\u00bb\u00a0\u00bb el_id=\u00a0\u00bbprepare\u00a0\u00bb][vc_column][vc_column_text]<\/p>\n<h2 style=\"text-align: center;\">Instructions pour la pr\u00e9paration avec les lavements Fleet<\/h2>\n<p><\/p>\n<p style=\"text-align: center;\">Veuillez lire attentivement les instructions ci-dessous afin de bien vous pr\u00e9parer \u00e0 votre consultation avec l\u2019un de nos chirurgiens. Le respect de ces consignes facilitera grandement votre examen.<\/p>\n<p><\/p>\n<p style=\"text-align: center;\">Vous pouvez manger normalement le jour de votre rendez-vous, puisqu\u2019il ne s\u2019agit pas d\u2019une coloscopie.<\/p>\n<p>\n[\/vc_column_text][\/vc_column][\/vc_row][vc_row css_animation=\u00a0\u00bb\u00a0\u00bb row_type=\u00a0\u00bbrow\u00a0\u00bb use_row_as_full_screen_section=\u00a0\u00bbno\u00a0\u00bb type=\u00a0\u00bbfull_width\u00a0\u00bb angled_section=\u00a0\u00bbno\u00a0\u00bb text_align=\u00a0\u00bbleft\u00a0\u00bb background_image_as_pattern=\u00a0\u00bbwithout_pattern\u00a0\u00bb el_class=\u00a0\u00bbtext-left\u00a0\u00bb z_index=\u00a0\u00bb\u00a0\u00bb el_id=\u00a0\u00bbprepare\u00a0\u00bb][vc_column width=\u00a0\u00bb1\/2&Prime;][vc_column_text]<\/p>\n<h2>Lavement Fleet<\/h2>\n<p>Vous devez vous procurer 2 lavements Fleet (PAS celui \u00e0 l\u2019huile min\u00e9rale) \u00e0 la pharmacie. Ce produit est en vente libre, sans ordonnance.<\/p>\n<p>Avant votre rendez-vous, veuillez les administrer selon les instructions du fabricant.<\/p>\n<ol>\n<li>Le premier lavement doit \u00eatre fait 2 heures avant de quitter la maison.<\/li>\n<li>Le deuxi\u00e8me lavement doit \u00eatre fait entre 30 et 60 minutes avant de quitter la maison.<\/li>\n<\/ol>\n<p>\n[\/vc_column_text][\/vc_column][vc_column width=\u00a0\u00bb1\/2&Prime;][vc_single_image image=\u00a0\u00bb999&Prime; img_size=\u00a0\u00bbfull\u00a0\u00bb alignment=\u00a0\u00bbcenter\u00a0\u00bb qode_css_animation=\u00a0\u00bb\u00a0\u00bb][\/vc_column][\/vc_row][vc_row css_animation=\u00a0\u00bb\u00a0\u00bb row_type=\u00a0\u00bbrow\u00a0\u00bb use_row_as_full_screen_section=\u00a0\u00bbno\u00a0\u00bb type=\u00a0\u00bbfull_width\u00a0\u00bb angled_section=\u00a0\u00bbno\u00a0\u00bb text_align=\u00a0\u00bbleft\u00a0\u00bb background_image_as_pattern=\u00a0\u00bbwithout_pattern\u00a0\u00bb el_class=\u00a0\u00bbtext-right\u00a0\u00bb z_index=\u00a0\u00bb\u00a0\u00bb el_id=\u00a0\u00bbclisma\u00a0\u00bb][vc_column width=\u00a0\u00bb1\/2&Prime;][vc_single_image image=\u00a0\u00bb926&Prime; img_size=\u00a0\u00bbfull\u00a0\u00bb alignment=\u00a0\u00bbcenter\u00a0\u00bb qode_css_animation=\u00a0\u00bb\u00a0\u00bb][\/vc_column][vc_column width=\u00a0\u00bb1\/2&Prime;][vc_column_text]<\/p>\n<h2>Lavement \u00e0 l\u2019eau ti\u00e8de<\/h2>\n<p>Comment effectuer les lavements :<\/p>\n<ol>\n<li>Remplissez le sac \u00e0 lavement avec 500 ml (environ 2 tasses) d\u2019eau ti\u00e8de du robinet. N\u2019utilisez pas d\u2019eau chaude.<\/li>\n<li>Suspendez le sac \u00e0 lavement \u00e0 un clou ou \u00e0 un crochet, ou demandez \u00e0 quelqu\u2019un de le tenir \u00e0 environ 30 \u00e0 45 cm au-dessus de votre rectum.<\/li>\n<li>Allongez-vous sur le c\u00f4t\u00e9 gauche, les genoux repli\u00e9s vers la poitrine. Vous pouvez choisir de faire le lavement dans la salle de bain.<\/li>\n<li>Retirez le capuchon de l\u2019embout du lavement.<\/li>\n<li>Ins\u00e9rez doucement l\u2019embout dans le rectum sur une profondeur de 7 \u00e0 10 cm.<\/li>\n<li>Ouvrez la pince et laissez l\u2019eau s\u2019\u00e9couler lentement dans le rectum.<\/li>\n<li>Retenez l\u2019eau dans votre rectum aussi longtemps que possible \u2013 au moins 15 minutes \u2013 puis \u00e9vacuez-la dans les toilettes.<\/li>\n<li>Effectuez le deuxi\u00e8me lavement apr\u00e8s avoir \u00e9vacu\u00e9 l\u2019eau du premier.<\/li>\n<\/ol>\n<p>\n[\/vc_column_text][\/vc_column][vc_column]<div class=\"new-button-wrap\" style=\"text-align:center\"><a href=\"\/fr\/schedule\/\" class=\"button button--mimas \" target=\"_self\"><div class=\"button__bg\"><\/div><span>PRENDRE UN RENDEZ-VOUS<\/span><\/a><\/div>[\/vc_column][\/vc_row][vc_row css_animation=\u00a0\u00bb\u00a0\u00bb row_type=\u00a0\u00bbrow\u00a0\u00bb use_row_as_full_screen_section=\u00a0\u00bbno\u00a0\u00bb type=\u00a0\u00bbfull_width\u00a0\u00bb angled_section=\u00a0\u00bbno\u00a0\u00bb text_align=\u00a0\u00bbleft\u00a0\u00bb background_image_as_pattern=\u00a0\u00bbwithout_pattern\u00a0\u00bb el_class=\u00a0\u00bbglobal\u00a0\u00bb z_index=\u00a0\u00bb\u00a0\u00bb][vc_column][vc_row css_animation=\"\" row_type=\"row\" use_row_as_full_screen_section=\"no\" type=\"grid\" angled_section=\"no\" text_align=\"left\" background_image_as_pattern=\"without_pattern\" el_id=\"white-mini\" z_index=\"\"][vc_column][vc_column_text]<svg id=\"logo\" data-name=\"l1\" xmlns=\"http:\/\/www.w3.org\/2000\/svg\" viewBox=\"0 0 358.04 223.2\">\n  <defs>\n    <style>\n      .cls-1, .cls-2 {\n        fill: #89b8b7;\n      }\n\n      .cls-3, .cls-4 {\n        fill: #193952;\n      }\n\n      .cls-4, .cls-2 {\n        fill-rule: evenodd;\n      }\n    <\/style>\n  <\/defs>\n  <g>\n    <path class=\"cls-3\" d=\"m8.27,189.11h3.37l4.26,12.01h.08l4.89-12.12h1.05l4.89,12.12h.08l4.08-12.01h3.29l-6.75,18.49h-1.16l-5.05-12.23-5.02,12.23h-1.16l-6.86-18.49Z\"\/>\n    <path class=\"cls-3\" d=\"m36.7,189.11h10.61l.54,2.89h-7.91v4.83h6.86v2.75h-6.86v4.99h8.18l-.57,2.89h-10.85v-18.36Z\"\/>\n    <path class=\"cls-3\" d=\"m50.85,205.98l-.35-3.7c1.62,1.59,4.13,2.51,5.94,2.51s3-.95,3-2.32c0-1.57-1.65-2.13-3.56-2.97-3-1.24-4.99-2.56-4.99-5.48s2.27-5.18,6.1-5.18c1.38,0,3.08.35,4.32.94l.43,3.62c-1.62-1.13-3.35-1.67-4.86-1.67-1.78,0-2.78.97-2.78,2.1,0,1.59,1.84,2.19,3.78,3,2.51,1.05,4.75,2.38,4.75,5.45,0,3.46-2.75,5.4-6.23,5.4-1.97,0-3.83-.54-5.53-1.7Z\"\/>\n    <path class=\"cls-3\" d=\"m69.91,192h-5.78v-2.89h14.77v2.89h-5.75v15.47h-3.24v-15.47Z\"\/>\n    <path class=\"cls-3\" d=\"m87.08,189.11h3.24v18.36h-3.24v-18.36Z\"\/>\n    <path class=\"cls-3\" d=\"m94.26,205.98l-.35-3.7c1.62,1.59,4.13,2.51,5.94,2.51s3-.95,3-2.32c0-1.57-1.65-2.13-3.56-2.97-3-1.24-4.99-2.56-4.99-5.48s2.27-5.18,6.1-5.18c1.38,0,3.08.35,4.32.94l.43,3.62c-1.62-1.13-3.35-1.67-4.86-1.67-1.78,0-2.78.97-2.78,2.1,0,1.59,1.84,2.19,3.78,3,2.51,1.05,4.75,2.38,4.75,5.45,0,3.46-2.75,5.4-6.24,5.4-1.97,0-3.83-.54-5.53-1.7Z\"\/>\n    <path class=\"cls-3\" d=\"m109.49,189.11h3.24v15.47h7.4l-.54,2.89h-10.1v-18.36Z\"\/>\n    <path class=\"cls-3\" d=\"m128.71,188.98h1.32l8.18,18.49h-3.37l-1.78-4.32h-7.34l-1.78,4.32h-3.37l8.15-18.49Zm3.21,11.45l-2.51-6.07h-.05l-2.51,6.07h5.08Z\"\/>\n    <path class=\"cls-3\" d=\"m143.73,195.24h-.05l.03,12.23h-3.19v-18.49h1.4l11.09,12.09h.05l-.05-11.96h3.18v18.49h-1.24l-11.23-12.36Z\"\/>\n    <path class=\"cls-3\" d=\"m160.84,189.11h5.88c6.24,0,9.74,4.18,9.74,9.23s-3.48,9.12-9.74,9.12h-5.88v-18.36Zm5.78,15.47c4.02,0,6.48-2.62,6.48-6.24s-2.4-6.34-6.48-6.34h-2.54v12.58h2.54Z\"\/>\n    <path class=\"cls-3\" d=\"m184.98,198.29c0-5.56,4.16-9.45,9.34-9.45,1.83,0,3.56.43,4.86,1.21l.38,3.62c-1.54-1.19-3.21-1.94-5.1-1.94-3.75,0-6.13,2.89-6.13,6.56s2.35,6.56,6.24,6.56c2,0,4.02-.76,5.51-1.92l-.65,3.48c-1.38.92-3.08,1.32-4.97,1.32-5.56,0-9.47-3.99-9.47-9.45Z\"\/>\n    <path class=\"cls-3\" d=\"m201.99,198.29c0-5.45,4.16-9.45,9.39-9.45s9.37,4,9.37,9.45-4.13,9.45-9.37,9.45-9.39-3.94-9.39-9.45Zm9.39,6.51c3.16,0,5.99-2.4,5.99-6.51s-2.83-6.5-5.99-6.5-6.05,2.4-6.05,6.5,2.89,6.51,6.05,6.51Z\"\/>\n    <path class=\"cls-3\" d=\"m224.27,189.11h3.24v15.47h7.4l-.54,2.89h-10.1v-18.36Z\"\/>\n    <path class=\"cls-3\" d=\"m235.66,198.29c0-5.45,4.16-9.45,9.39-9.45s9.37,4,9.37,9.45-4.13,9.45-9.37,9.45-9.39-3.94-9.39-9.45Zm9.39,6.51c3.16,0,5.99-2.4,5.99-6.51s-2.83-6.5-5.99-6.5-6.05,2.4-6.05,6.5,2.89,6.51,6.05,6.51Z\"\/>\n    <path class=\"cls-3\" d=\"m257.94,189.11h5.86c4.24,0,6.45,2.56,6.45,5.64,0,2.4-1.38,4.21-3.37,5.13l5.64,7.58h-3.89l-4.97-6.91h-2.48v6.91h-3.24v-18.36Zm5.61,8.72c2.05,0,3.35-1.03,3.35-2.89s-1.35-2.94-3.29-2.94h-2.43v5.83h2.38Z\"\/>\n    <path class=\"cls-3\" d=\"m274.68,189.11h10.61l.54,2.89h-7.91v4.83h6.86v2.75h-6.86v4.99h8.18l-.57,2.89h-10.85v-18.36Z\"\/>\n    <path class=\"cls-3\" d=\"m288.04,198.29c0-5.56,4.16-9.45,9.34-9.45,1.83,0,3.56.43,4.86,1.21l.38,3.62c-1.54-1.19-3.21-1.94-5.1-1.94-3.75,0-6.13,2.89-6.13,6.56s2.35,6.56,6.24,6.56c2,0,4.02-.76,5.51-1.92l-.65,3.48c-1.38.92-3.08,1.32-4.97,1.32-5.56,0-9.47-3.99-9.47-9.45Z\"\/>\n    <path class=\"cls-3\" d=\"m310.29,192h-5.78v-2.89h14.77v2.89h-5.75v15.47h-3.24v-15.47Z\"\/>\n    <path class=\"cls-3\" d=\"m326.11,188.98h1.32l8.18,18.49h-3.37l-1.78-4.32h-7.34l-1.78,4.32h-3.37l8.15-18.49Zm3.21,11.45l-2.51-6.07h-.05l-2.51,6.07h5.08Z\"\/>\n    <path class=\"cls-3\" d=\"m337.91,189.11h3.24v15.47h7.4l-.54,2.89h-10.1v-18.36Z\"\/>\n  <\/g>\n  <path class=\"cls-2\" d=\"m209.18,112.04c.1,7.23,1.59,13.66,4.74,19.26,15.14,27.01,56.74,25.67,73.86,1.28,5.38,41.76-59.19,46.74-83.03,20.65-10.23-11.2-16.13-24.42-16.13-41.13,0-60.65,86.25-76.73,104.33-41.85-31.27-17.2-84.38-1.93-83.76,41.8\"\/>\n  <path class=\"cls-4\" d=\"m171.13,102.18c-16.64-107.62-34.9-44.77-57.96-3.11-24.03,43.41-3.36-75.41-98.2-39.44,39.07-3.35,66.11,23.33,70.67,63.01.41,3.56.65,7.15.73,10.75.43,20.88,6.37,34.61,14.13,32.96.13-.03.25-.06.38-.09,16.22-4.71,29.98-100.85,47.13-74.05.08.12.16.25.24.38.02.03.04.06.05.09,8.05,13.46,9.88,61.03,17.83,74.28,2.84,4.72,3.98,1.28,6.8-2.59,20.04-27.51,28.34-125.96,86.31-126.43-76.8-10.38-80.36,114.36-88.12,64.22\"\/>\n  <circle class=\"cls-1\" cx=\"247.62\" cy=\"20.86\" r=\"8.68\"\/>\n<\/svg>[\/vc_column_text][vc_column_text]\r\n<h2 style=\"text-align: center;\">Service amical, personnalis\u00e9 et conseils d'experts<\/h2><br><p style=\"text-align: center;\">La Clinique Colorectale de l\u2019Ouest-de-l\u2019\u00cele est votre destination de confiance pour des soins et traitements sp\u00e9cialis\u00e9s des affections rectales et colorectales. Nos sp\u00e9cialistes exp\u00e9riment\u00e9s et nos installations de pointe garantissent des solutions personnalis\u00e9es adapt\u00e9es \u00e0 vos besoins uniques. B\u00e9n\u00e9ficiez d'un traitement bienveillant et efficace dans un espace sans jugement.<\/p><br>\r\n[\/vc_column_text][\/vc_column][\/vc_row][vc_row css_animation=\"\" row_type=\"row\" use_row_as_full_screen_section=\"no\" type=\"grid\" angled_section=\"no\" text_align=\"left\" background_image_as_pattern=\"without_pattern\" el_id=\"call2action\" z_index=\"\"][vc_column width=\"1\/2\"][vc_single_image image=\"974\" img_size=\"full\" alignment=\"center\" qode_css_animation=\"\"][\/vc_column][vc_column width=\"1\/2\"][vc_column_text]\r\n<h2>Vous avez des probl\u00e8mes de c\u00f4lon ou de rectum ?<\/h2><br>Laissez les experts de la Clinique Colorectale de l\u2019Ouest-de-l\u2019\u00cele vous guider \u00e0 travers des diagnostics personnalis\u00e9s et des options de traitement adapt\u00e9es \u00e0 vos besoins.<br><br>Nous nous assurons que chaque patient se sente \u00e9cout\u00e9, respect\u00e9 et pris en charge, et notre objectif est de rendre votre parcours vers une meilleure sant\u00e9 colorectale collaboratif, soutenu et positif.[\/vc_column_text]<div class=\"new-button-wrap\" style=\"text-align:left\"><a href=\"\/fr\/schedule\/\" class=\"button button--mimas \" target=\"_self\"><div class=\"button__bg\"><\/div><span>PRENDRE UN RENDEZ-VOUS<\/span><\/a><\/div>[\/vc_column][\/vc_row][\/vc_column][\/vc_row]<\/p>\n<\/section>","protected":false},"excerpt":{"rendered":"<p>[vc_row css_animation=\u00a0\u00bb\u00a0\u00bb row_type=\u00a0\u00bbrow\u00a0\u00bb use_row_as_full_screen_section=\u00a0\u00bbno\u00a0\u00bb type=\u00a0\u00bbgrid\u00a0\u00bb angled_section=\u00a0\u00bbno\u00a0\u00bb text_align=\u00a0\u00bbleft\u00a0\u00bb background_image_as_pattern=\u00a0\u00bbwithout_pattern\u00a0\u00bb z_index=\u00a0\u00bb\u00a0\u00bb el_id=\u00a0\u00bbprepare\u00a0\u00bb][vc_column][vc_column_text] Instructions pour la pr\u00e9paration avec les lavements Fleet Veuillez lire attentivement les instructions ci-dessous afin de bien vous pr\u00e9parer \u00e0 votre consultation avec l\u2019un de nos chirurgiens. Le respect de ces consignes facilitera grandement votre&#8230;<\/p>\n","protected":false},"author":1,"featured_media":0,"parent":0,"menu_order":0,"comment_status":"closed","ping_status":"closed","template":"full_width.php","meta":{"footnotes":""},"class_list":["post-1062","page","type-page","status-publish","hentry"],"acf":[],"yoast_head":"<!-- This site is optimized with the Yoast SEO plugin v22.7 - https:\/\/yoast.com\/wordpress\/plugins\/seo\/ -->\n<title>Instructions pour la pr\u00e9paration avec les lavements Fleet Montreal | Colorectal Fellowship Trained Surgeon<\/title>\n<meta name=\"description\" content=\"Instructions pour la pr\u00e9paration avec les lavements Fleet | Treatments of anus, warts, hemorrhoids, rectal prolapse, anal illness and pain in the West Island of Montreal\" \/>\n<meta name=\"robots\" content=\"index, follow, max-snippet:-1, max-image-preview:large, max-video-preview:-1\" \/>\n<link rel=\"canonical\" href=\"https:\/\/wicolorectal.ca\/fr\/instructions-pour-la-preparation-avec-les-lavements-fleet\/\" \/>\n<meta property=\"og:locale\" content=\"fr_FR\" \/>\n<meta property=\"og:type\" content=\"article\" \/>\n<meta property=\"og:title\" content=\"Instructions pour la pr\u00e9paration avec les lavements Fleet Montreal | Colorectal Fellowship Trained Surgeon\" \/>\n<meta property=\"og:description\" content=\"Instructions pour la pr\u00e9paration avec les lavements Fleet | Treatments of anus, warts, hemorrhoids, rectal prolapse, anal illness and pain in the West Island of Montreal\" \/>\n<meta property=\"og:url\" content=\"https:\/\/wicolorectal.ca\/fr\/instructions-pour-la-preparation-avec-les-lavements-fleet\/\" \/>\n<meta property=\"og:site_name\" content=\"West Island Montreal Colorectal Clinic\" \/>\n<meta property=\"article:modified_time\" content=\"2025-05-19T17:44:12+00:00\" \/>\n<meta property=\"og:image\" content=\"https:\/\/wicolorectal.ca\/wp-content\/uploads\/2024\/05\/WIC_Final.jpg\" \/>\n\t<meta property=\"og:image:width\" content=\"1200\" \/>\n\t<meta property=\"og:image:height\" content=\"675\" \/>\n\t<meta property=\"og:image:type\" content=\"image\/jpeg\" \/>\n<meta name=\"twitter:card\" content=\"summary_large_image\" \/>\n<meta name=\"twitter:label1\" content=\"Dur\u00e9e de lecture estim\u00e9e\" \/>\n\t<meta name=\"twitter:data1\" content=\"2 minutes\" \/>\n<script type=\"application\/ld+json\" class=\"yoast-schema-graph\">{\"@context\":\"https:\/\/schema.org\",\"@graph\":[{\"@type\":\"WebPage\",\"@id\":\"https:\/\/wicolorectal.ca\/fr\/instructions-pour-la-preparation-avec-les-lavements-fleet\/\",\"url\":\"https:\/\/wicolorectal.ca\/fr\/instructions-pour-la-preparation-avec-les-lavements-fleet\/\",\"name\":\"Instructions pour la pr\u00e9paration avec les lavements Fleet Montreal | Colorectal Fellowship Trained Surgeon\",\"isPartOf\":{\"@id\":\"https:\/\/wicolorectal.ca\/fr\/#website\"},\"datePublished\":\"2024-05-10T17:31:24+00:00\",\"dateModified\":\"2025-05-19T17:44:12+00:00\",\"description\":\"Instructions pour la pr\u00e9paration avec les lavements Fleet | Treatments of anus, warts, hemorrhoids, rectal prolapse, anal illness and pain in the West Island of Montreal\",\"breadcrumb\":{\"@id\":\"https:\/\/wicolorectal.ca\/fr\/instructions-pour-la-preparation-avec-les-lavements-fleet\/#breadcrumb\"},\"inLanguage\":\"fr-FR\",\"potentialAction\":[{\"@type\":\"ReadAction\",\"target\":[\"https:\/\/wicolorectal.ca\/fr\/instructions-pour-la-preparation-avec-les-lavements-fleet\/\"]}]},{\"@type\":\"BreadcrumbList\",\"@id\":\"https:\/\/wicolorectal.ca\/fr\/instructions-pour-la-preparation-avec-les-lavements-fleet\/#breadcrumb\",\"itemListElement\":[{\"@type\":\"ListItem\",\"position\":1,\"name\":\"Home\",\"item\":\"https:\/\/wicolorectal.ca\/fr\/\"},{\"@type\":\"ListItem\",\"position\":2,\"name\":\"Instructions pour la pr\u00e9paration avec les lavements Fleet\"}]},{\"@type\":\"WebSite\",\"@id\":\"https:\/\/wicolorectal.ca\/fr\/#website\",\"url\":\"https:\/\/wicolorectal.ca\/fr\/\",\"name\":\"West Island Montreal Colorectal Clinic\",\"description\":\"\",\"potentialAction\":[{\"@type\":\"SearchAction\",\"target\":{\"@type\":\"EntryPoint\",\"urlTemplate\":\"https:\/\/wicolorectal.ca\/fr\/?s={search_term_string}\"},\"query-input\":\"required name=search_term_string\"}],\"inLanguage\":\"fr-FR\"}]}<\/script>\n<!-- \/ Yoast SEO plugin. -->","yoast_head_json":{"title":"Instructions pour la pr\u00e9paration avec les lavements Fleet Montreal | Colorectal Fellowship Trained Surgeon","description":"Instructions pour la pr\u00e9paration avec les lavements Fleet | Treatments of anus, warts, hemorrhoids, rectal prolapse, anal illness and pain in the West Island of Montreal","robots":{"index":"index","follow":"follow","max-snippet":"max-snippet:-1","max-image-preview":"max-image-preview:large","max-video-preview":"max-video-preview:-1"},"canonical":"https:\/\/wicolorectal.ca\/fr\/instructions-pour-la-preparation-avec-les-lavements-fleet\/","og_locale":"fr_FR","og_type":"article","og_title":"Instructions pour la pr\u00e9paration avec les lavements Fleet Montreal | Colorectal Fellowship Trained Surgeon","og_description":"Instructions pour la pr\u00e9paration avec les lavements Fleet | Treatments of anus, warts, hemorrhoids, rectal prolapse, anal illness and pain in the West Island of Montreal","og_url":"https:\/\/wicolorectal.ca\/fr\/instructions-pour-la-preparation-avec-les-lavements-fleet\/","og_site_name":"West Island Montreal Colorectal Clinic","article_modified_time":"2025-05-19T17:44:12+00:00","og_image":[{"width":1200,"height":675,"url":"https:\/\/wicolorectal.ca\/wp-content\/uploads\/2024\/05\/WIC_Final.jpg","type":"image\/jpeg"}],"twitter_card":"summary_large_image","twitter_misc":{"Dur\u00e9e de lecture estim\u00e9e":"2 minutes"},"schema":{"@context":"https:\/\/schema.org","@graph":[{"@type":"WebPage","@id":"https:\/\/wicolorectal.ca\/fr\/instructions-pour-la-preparation-avec-les-lavements-fleet\/","url":"https:\/\/wicolorectal.ca\/fr\/instructions-pour-la-preparation-avec-les-lavements-fleet\/","name":"Instructions pour la pr\u00e9paration avec les lavements Fleet Montreal | Colorectal Fellowship Trained Surgeon","isPartOf":{"@id":"https:\/\/wicolorectal.ca\/fr\/#website"},"datePublished":"2024-05-10T17:31:24+00:00","dateModified":"2025-05-19T17:44:12+00:00","description":"Instructions pour la pr\u00e9paration avec les lavements Fleet | Treatments of anus, warts, hemorrhoids, rectal prolapse, anal illness and pain in the West Island of Montreal","breadcrumb":{"@id":"https:\/\/wicolorectal.ca\/fr\/instructions-pour-la-preparation-avec-les-lavements-fleet\/#breadcrumb"},"inLanguage":"fr-FR","potentialAction":[{"@type":"ReadAction","target":["https:\/\/wicolorectal.ca\/fr\/instructions-pour-la-preparation-avec-les-lavements-fleet\/"]}]},{"@type":"BreadcrumbList","@id":"https:\/\/wicolorectal.ca\/fr\/instructions-pour-la-preparation-avec-les-lavements-fleet\/#breadcrumb","itemListElement":[{"@type":"ListItem","position":1,"name":"Home","item":"https:\/\/wicolorectal.ca\/fr\/"},{"@type":"ListItem","position":2,"name":"Instructions pour la pr\u00e9paration avec les lavements Fleet"}]},{"@type":"WebSite","@id":"https:\/\/wicolorectal.ca\/fr\/#website","url":"https:\/\/wicolorectal.ca\/fr\/","name":"West Island Montreal Colorectal Clinic","description":"","potentialAction":[{"@type":"SearchAction","target":{"@type":"EntryPoint","urlTemplate":"https:\/\/wicolorectal.ca\/fr\/?s={search_term_string}"},"query-input":"required name=search_term_string"}],"inLanguage":"fr-FR"}]}},"_links":{"self":[{"href":"https:\/\/wicolorectal.ca\/fr\/wp-json\/wp\/v2\/pages\/1062","targetHints":{"allow":["GET"]}}],"collection":[{"href":"https:\/\/wicolorectal.ca\/fr\/wp-json\/wp\/v2\/pages"}],"about":[{"href":"https:\/\/wicolorectal.ca\/fr\/wp-json\/wp\/v2\/types\/page"}],"author":[{"embeddable":true,"href":"https:\/\/wicolorectal.ca\/fr\/wp-json\/wp\/v2\/users\/1"}],"replies":[{"embeddable":true,"href":"https:\/\/wicolorectal.ca\/fr\/wp-json\/wp\/v2\/comments?post=1062"}],"version-history":[{"count":3,"href":"https:\/\/wicolorectal.ca\/fr\/wp-json\/wp\/v2\/pages\/1062\/revisions"}],"predecessor-version":[{"id":1065,"href":"https:\/\/wicolorectal.ca\/fr\/wp-json\/wp\/v2\/pages\/1062\/revisions\/1065"}],"wp:attachment":[{"href":"https:\/\/wicolorectal.ca\/fr\/wp-json\/wp\/v2\/media?parent=1062"}],"curies":[{"name":"wp","href":"https:\/\/api.w.org\/{rel}","templated":true}]}}